{"id":13,"date":"2021-10-28T10:34:42","date_gmt":"2021-10-28T08:34:42","guid":{"rendered":"https:\/\/www.repasovaniediskov.sk\/?page_id=13"},"modified":"2025-05-15T14:26:04","modified_gmt":"2025-05-15T12:26:04","slug":"home-2","status":"publish","type":"page","link":"https:\/\/www.repasovaniediskov.sk\/","title":{"rendered":"Home"},"content":{"rendered":"\t\t<div data-elementor-type=\"wp-page\" data-elementor-id=\"13\" class=\"elementor elementor-13\" data-elementor-settings=\"[]\">\n\t\t\t\t\t\t\t<div class=\"elementor-section-wrap\">\n\t\t\t\t\t\t\t<section class=\"elementor-section elementor-top-section elementor-element elementor-element-0b5748f elementor-section-boxed elementor-section-height-default elementor-section-height-default\" data-id=\"0b5748f\" data-element_type=\"section\">\n\t\t\t\t\t\t<div class=\"elementor-container elementor-column-gap-default\">\n\t\t\t\t\t<div class=\"elementor-column elementor-col-50 elementor-top-column elementor-element elementor-element-904c64e\" data-id=\"904c64e\" data-element_type=\"column\">\n\t\t\t<div class=\"elementor-widget-wrap elementor-element-populated\">\n\t\t\t\t\t\t\t\t<div class=\"elementor-element elementor-element-ea6bf28 elementor-widget elementor-widget-image\" data-id=\"ea6bf28\" data-element_type=\"widget\" data-widget_type=\"image.default\">\n\t\t\t\t<div class=\"elementor-widget-container\">\n\t\t\t\t\t\t\t\t\t\t\t\t\t\t\t<img width=\"609\" height=\"409\" src=\"https:\/\/www.repasovaniediskov.sk\/wp-content\/uploads\/2021\/10\/alu01.png\" class=\"attachment-medium_large size-medium_large\" alt=\"\" loading=\"lazy\" srcset=\"https:\/\/www.repasovaniediskov.sk\/wp-content\/uploads\/2021\/10\/alu01.png 609w, https:\/\/www.repasovaniediskov.sk\/wp-content\/uploads\/2021\/10\/alu01-300x201.png 300w\" sizes=\"(max-width: 609px) 100vw, 609px\" \/>\t\t\t\t\t\t\t\t\t\t\t\t\t\t\t<\/div>\n\t\t\t\t<\/div>\n\t\t\t\t<div class=\"elementor-element elementor-element-9d72a60 elementor-widget elementor-widget-text-editor\" data-id=\"9d72a60\" data-element_type=\"widget\" data-widget_type=\"text-editor.default\">\n\t\t\t\t<div class=\"elementor-widget-container\">\n\t\t\t\t\t\t\t<p class=\"MsoNormal\" style=\"font-variant-ligatures: normal; font-variant-caps: normal; font-family: Roboto, sans-serif; font-size: 14px; font-style: normal; font-weight: 400;\"><span style=\"font-size: 14px; font-weight: bold;\">V\u00fdhody \u0161etrn\u00e9ho odlakovania:<\/span><\/p><ul style=\"margin-top: 0cm; font-variant-ligatures: normal; font-variant-caps: normal; font-family: Roboto, sans-serif; font-size: 14px; font-style: normal; font-weight: 400;\" type=\"disc\"><li class=\"MsoNormal\" style=\"font-size: 14px;\">vhodn\u00e9 aj pre mal\u00e9 kovov\u00e9 \u010dasti a s\u00fa\u010diastky<\/li><li class=\"MsoNormal\" style=\"font-size: 14px;\">bez potreby pieskovania, alebo br\u00fasenia<\/li><li class=\"MsoNormal\" style=\"font-size: 14px;\">ide\u00e1lne pre op\u00e4tovn\u00e9 pr\u00e1\u0161kov\u00e9 \u010di mokr\u00e9 lakovanie, alebo renov\u00e1ciu<\/li><li class=\"MsoNormal\" style=\"font-size: 14px;\">ekologickej\u0161\u00ed proces v\u010faka \u0161peci\u00e1lnemu chemick\u00e9mu zlo\u017eeniu<\/li><\/ul>\t\t\t\t\t\t<\/div>\n\t\t\t\t<\/div>\n\t\t\t\t\t<\/div>\n\t\t<\/div>\n\t\t\t\t<div class=\"elementor-column elementor-col-50 elementor-top-column elementor-element elementor-element-3900614\" data-id=\"3900614\" data-element_type=\"column\">\n\t\t\t<div class=\"elementor-widget-wrap elementor-element-populated\">\n\t\t\t\t\t\t\t\t<div class=\"elementor-element elementor-element-163d634 elementor-widget elementor-widget-heading\" data-id=\"163d634\" data-element_type=\"widget\" data-widget_type=\"heading.default\">\n\t\t\t\t<div class=\"elementor-widget-container\">\n\t\t\t<h1 class=\"elementor-heading-title elementor-size-xl\"><a href=\"http:\/\/www.chemickeodlakovanie.sk\">\u0160etrn\u00e9 odlakovanie <br>mal\u00fdch dielcov\/\u010dast\u00ed<\/a><\/h1>\t\t<\/div>\n\t\t\t\t<\/div>\n\t\t\t\t<div class=\"elementor-element elementor-element-94aeba9 elementor-widget elementor-widget-text-editor\" data-id=\"94aeba9\" data-element_type=\"widget\" data-widget_type=\"text-editor.default\">\n\t\t\t\t<div class=\"elementor-widget-container\">\n\t\t\t\t\t\t\t<p>H\u013ead\u00e1te efekt\u00edvne a pritom \u0161etrn\u00e9 rie\u0161enie na <strong>odstr\u00e1nenie farby<\/strong> z men\u0161\u00edch kovov\u00fdch s\u00fa\u010diastok, alebo dielcov? Chemick\u00e9 <strong>odlakovanie<\/strong> je ide\u00e1lnou vo\u013ebou pre presn\u00e9 a citliv\u00e9 \u010distenie povrchov bez po\u0161kodenia materi\u00e1lu.<\/p><p>Na\u0161i partneri pou\u017e\u00edvaj\u00fa \u0161pecializovan\u00e9 <strong>chemick\u00e9 k\u00fapele<\/strong>, ktor\u00e9 bezpe\u010dne odstra\u0148uj\u00fa star\u00e9 vrstvy pr\u00e1\u0161kovej, alebo mokrej farby bez potreby pieskovania. V\u010faka tomu nedoch\u00e1dza k deform\u00e1cii \u010di naru\u0161eniu povrchu \u2013 \u010do je k\u013e\u00fa\u010dov\u00e9 najm\u00e4 pri odlakovan\u00ed tenk\u00fdch alebo jemne opracovan\u00fdch dielov z hlin\u00edka, ocele alebo in\u00fdch kovov.<\/p>\t\t\t\t\t\t<\/div>\n\t\t\t\t<\/div>\n\t\t\t\t<div class=\"elementor-element elementor-element-b9ba120 elementor-widget elementor-widget-text-editor\" data-id=\"b9ba120\" data-element_type=\"widget\" data-widget_type=\"text-editor.default\">\n\t\t\t\t<div class=\"elementor-widget-container\">\n\t\t\t\t\t\t\t<p class=\"MsoNormal\">\u00a0<\/p><p class=\"MsoNormal\">Technol\u00f3gie s\u00fa navrhnut\u00e9 tak, aby sp\u013a\u0148ali vysok\u00e9 \u0161tandardy prec\u00edznosti a environment\u00e1lnej zodpovednosti. \u010ci u\u017e ide o autodiely, s\u00fa\u010dasti pre pr\u00e1\u0161kov\u00e9 lakovne alebo jemn\u00e9 hlin\u00edkov\u00e9 komponenty \u2013 zaru\u010d\u00edme v\u00e1m d\u00f4kladn\u00e9 a bezpe\u010dn\u00e9 odlakovanie.<\/p>\t\t\t\t\t\t<\/div>\n\t\t\t\t<\/div>\n\t\t\t\t<div class=\"elementor-element elementor-element-c469c38 elementor-widget elementor-widget-text-editor\" data-id=\"c469c38\" data-element_type=\"widget\" data-widget_type=\"text-editor.default\">\n\t\t\t\t<div class=\"elementor-widget-container\">\n\t\t\t\t\t\t\t<p>Bli\u017e\u0161ie inform\u00e1cie V\u00e1m poskytneme na doleuveden\u00fdch kontaktoch<\/p>\t\t\t\t\t\t<\/div>\n\t\t\t\t<\/div>\n\t\t\t\t\t<\/div>\n\t\t<\/div>\n\t\t\t\t\t\t\t<\/div>\n\t\t<\/section>\n\t\t\t\t<section class=\"elementor-section elementor-top-section elementor-element elementor-element-1159f6d elementor-section-full_width elementor-hidden-tablet elementor-hidden-mobile elementor-section-height-default elementor-section-height-default\" data-id=\"1159f6d\" data-element_type=\"section\" data-settings=\"{&quot;background_background&quot;:&quot;classic&quot;}\">\n\t\t\t\t\t\t<div class=\"elementor-container elementor-column-gap-default\">\n\t\t\t\t\t<div class=\"elementor-column elementor-col-33 elementor-top-column elementor-element elementor-element-36eeec1\" data-id=\"36eeec1\" data-element_type=\"column\">\n\t\t\t<div class=\"elementor-widget-wrap elementor-element-populated\">\n\t\t\t\t\t\t\t\t<div class=\"elementor-element elementor-element-448896b elementor-align-left elementor-icon-list--layout-traditional elementor-list-item-link-full_width elementor-widget elementor-widget-icon-list\" data-id=\"448896b\" data-element_type=\"widget\" data-widget_type=\"icon-list.default\">\n\t\t\t\t<div class=\"elementor-widget-container\">\n\t\t\t\t\t<ul class=\"elementor-icon-list-items\">\n\t\t\t\t\t\t\t<li class=\"elementor-icon-list-item\">\n\t\t\t\t\t\t\t\t\t\t\t<span class=\"elementor-icon-list-icon\">\n\t\t\t\t\t\t\t<i aria-hidden=\"true\" class=\"fas fa-location-arrow\"><\/i>\t\t\t\t\t\t<\/span>\n\t\t\t\t\t\t\t\t\t\t<span class=\"elementor-icon-list-text\">Cool Auto Slovakia s.r.o., Ke\u017emarok<\/span>\n\t\t\t\t\t\t\t\t\t<\/li>\n\t\t\t\t\t\t<\/ul>\n\t\t\t\t<\/div>\n\t\t\t\t<\/div>\n\t\t\t\t<div class=\"elementor-element elementor-element-009b49a elementor-widget elementor-widget-text-editor\" data-id=\"009b49a\" data-element_type=\"widget\" data-widget_type=\"text-editor.default\">\n\t\t\t\t<div class=\"elementor-widget-container\">\n\t\t\t\t\t\t\t<p><b>Partnersk\u00fd web<\/b>:<\/p><p><a href=\"http:\/\/www.autolakykezmarok.sk\">www.autolakykezmarok.sk<\/a>\u00a0 \u00a0 \u00a0 \u00a0 <a href=\"http:\/\/www.autolaky-kezmarok.sk\">www.autolaky-kezmarok.sk<\/a><\/p>\t\t\t\t\t\t<\/div>\n\t\t\t\t<\/div>\n\t\t\t\t\t<\/div>\n\t\t<\/div>\n\t\t\t\t<div class=\"elementor-column elementor-col-33 elementor-top-column elementor-element elementor-element-c65051c\" data-id=\"c65051c\" data-element_type=\"column\">\n\t\t\t<div class=\"elementor-widget-wrap elementor-element-populated\">\n\t\t\t\t\t\t\t\t<div class=\"elementor-element elementor-element-00ed87a elementor-align-center elementor-icon-list--layout-traditional elementor-list-item-link-full_width elementor-widget elementor-widget-icon-list\" data-id=\"00ed87a\" data-element_type=\"widget\" data-widget_type=\"icon-list.default\">\n\t\t\t\t<div class=\"elementor-widget-container\">\n\t\t\t\t\t<ul class=\"elementor-icon-list-items\">\n\t\t\t\t\t\t\t<li class=\"elementor-icon-list-item\">\n\t\t\t\t\t\t\t\t\t\t\t<span class=\"elementor-icon-list-icon\">\n\t\t\t\t\t\t\t<i aria-hidden=\"true\" class=\"fas fa-phone-square-alt\"><\/i>\t\t\t\t\t\t<\/span>\n\t\t\t\t\t\t\t\t\t\t<span class=\"elementor-icon-list-text\">0948 814 701<\/span>\n\t\t\t\t\t\t\t\t\t<\/li>\n\t\t\t\t\t\t<\/ul>\n\t\t\t\t<\/div>\n\t\t\t\t<\/div>\n\t\t\t\t<div class=\"elementor-element elementor-element-347c33e elementor-widget elementor-widget-text-editor\" data-id=\"347c33e\" data-element_type=\"widget\" data-widget_type=\"text-editor.default\">\n\t\t\t\t<div class=\"elementor-widget-container\">\n\t\t\t\t\t\t\t<p style=\"font-variant-ligatures: normal; font-variant-caps: normal; font-family: Roboto, sans-serif; font-size: 14px; font-style: normal; font-weight: 400; text-align: center;\"><span style=\"font-size: 14px; font-weight: bold;\">Partnersk\u00fd web<\/span>:<\/p><p style=\"font-variant-ligatures: normal; font-variant-caps: normal; font-family: Roboto, sans-serif; font-size: 14px; font-style: normal; font-weight: 400; text-align: center;\"><a href=\"http:\/\/www.chemickeodlakovani.cz\">www.chemickeodlakovani.cz<\/a><\/p>\t\t\t\t\t\t<\/div>\n\t\t\t\t<\/div>\n\t\t\t\t\t<\/div>\n\t\t<\/div>\n\t\t\t\t<div class=\"elementor-column elementor-col-33 elementor-top-column elementor-element elementor-element-31a1718\" data-id=\"31a1718\" data-element_type=\"column\">\n\t\t\t<div class=\"elementor-widget-wrap elementor-element-populated\">\n\t\t\t\t\t\t\t\t<div class=\"elementor-element elementor-element-100dbe9 elementor-align-left elementor-icon-list--layout-traditional elementor-list-item-link-full_width elementor-widget elementor-widget-icon-list\" data-id=\"100dbe9\" data-element_type=\"widget\" data-widget_type=\"icon-list.default\">\n\t\t\t\t<div class=\"elementor-widget-container\">\n\t\t\t\t\t<ul class=\"elementor-icon-list-items\">\n\t\t\t\t\t\t\t<li class=\"elementor-icon-list-item\">\n\t\t\t\t\t\t\t\t\t\t\t<a href=\"mailto:zuballadislav@centrum.sk\">\n\n\t\t\t\t\t\t\t\t\t\t\t\t<span class=\"elementor-icon-list-icon\">\n\t\t\t\t\t\t\t<i aria-hidden=\"true\" class=\"fas fa-envelope\"><\/i>\t\t\t\t\t\t<\/span>\n\t\t\t\t\t\t\t\t\t\t<span class=\"elementor-icon-list-text\">info@chemickeodlakovanie.sk<\/span>\n\t\t\t\t\t\t\t\t\t\t\t<\/a>\n\t\t\t\t\t\t\t\t\t<\/li>\n\t\t\t\t\t\t<\/ul>\n\t\t\t\t<\/div>\n\t\t\t\t<\/div>\n\t\t\t\t<div class=\"elementor-element elementor-element-f9b506c elementor-widget elementor-widget-text-editor\" data-id=\"f9b506c\" data-element_type=\"widget\" data-widget_type=\"text-editor.default\">\n\t\t\t\t<div class=\"elementor-widget-container\">\n\t\t\t\t\t\t\t<p><strong>Partnersk\u00fd web<\/strong>:<\/p><p><a href=\"http:\/\/www.chemickeodlakovanie.sk\">www.chemickeodlakovanie.sk<\/a><\/p>\t\t\t\t\t\t<\/div>\n\t\t\t\t<\/div>\n\t\t\t\t\t<\/div>\n\t\t<\/div>\n\t\t\t\t\t\t\t<\/div>\n\t\t<\/section>\n\t\t\t\t<section class=\"elementor-section elementor-top-section elementor-element elementor-element-647d8ac elementor-hidden-desktop elementor-section-boxed elementor-section-height-default elementor-section-height-default\" data-id=\"647d8ac\" data-element_type=\"section\">\n\t\t\t\t\t\t<div class=\"elementor-container elementor-column-gap-default\">\n\t\t\t\t\t<div class=\"elementor-column elementor-col-33 elementor-top-column elementor-element elementor-element-c47d9c5\" data-id=\"c47d9c5\" data-element_type=\"column\">\n\t\t\t<div class=\"elementor-widget-wrap elementor-element-populated\">\n\t\t\t\t\t\t\t\t<div class=\"elementor-element elementor-element-8b64f05 elementor-align-left elementor-tablet-align-center elementor-icon-list--layout-traditional elementor-list-item-link-full_width elementor-widget elementor-widget-icon-list\" data-id=\"8b64f05\" data-element_type=\"widget\" data-widget_type=\"icon-list.default\">\n\t\t\t\t<div class=\"elementor-widget-container\">\n\t\t\t\t\t<ul class=\"elementor-icon-list-items\">\n\t\t\t\t\t\t\t<li class=\"elementor-icon-list-item\">\n\t\t\t\t\t\t\t\t\t\t\t<span class=\"elementor-icon-list-icon\">\n\t\t\t\t\t\t\t<i aria-hidden=\"true\" class=\"fas fa-phone-square-alt\"><\/i>\t\t\t\t\t\t<\/span>\n\t\t\t\t\t\t\t\t\t\t<span class=\"elementor-icon-list-text\">0911 354 527<\/span>\n\t\t\t\t\t\t\t\t\t<\/li>\n\t\t\t\t\t\t<\/ul>\n\t\t\t\t<\/div>\n\t\t\t\t<\/div>\n\t\t\t\t\t<\/div>\n\t\t<\/div>\n\t\t\t\t<div class=\"elementor-column elementor-col-33 elementor-top-column elementor-element elementor-element-5d5ca82\" data-id=\"5d5ca82\" data-element_type=\"column\">\n\t\t\t<div class=\"elementor-widget-wrap elementor-element-populated\">\n\t\t\t\t\t\t\t\t<div class=\"elementor-element elementor-element-7424ed4 elementor-align-left elementor-tablet-align-center elementor-icon-list--layout-traditional elementor-list-item-link-full_width elementor-widget elementor-widget-icon-list\" data-id=\"7424ed4\" data-element_type=\"widget\" data-widget_type=\"icon-list.default\">\n\t\t\t\t<div class=\"elementor-widget-container\">\n\t\t\t\t\t<ul class=\"elementor-icon-list-items\">\n\t\t\t\t\t\t\t<li class=\"elementor-icon-list-item\">\n\t\t\t\t\t\t\t\t\t\t\t<a href=\"mailto:zuballadislav@centrum.sk\">\n\n\t\t\t\t\t\t\t\t\t\t\t\t<span class=\"elementor-icon-list-icon\">\n\t\t\t\t\t\t\t<i aria-hidden=\"true\" class=\"fas fa-envelope\"><\/i>\t\t\t\t\t\t<\/span>\n\t\t\t\t\t\t\t\t\t\t<span class=\"elementor-icon-list-text\">zuballadislav@centrum.sk<\/span>\n\t\t\t\t\t\t\t\t\t\t\t<\/a>\n\t\t\t\t\t\t\t\t\t<\/li>\n\t\t\t\t\t\t<\/ul>\n\t\t\t\t<\/div>\n\t\t\t\t<\/div>\n\t\t\t\t\t<\/div>\n\t\t<\/div>\n\t\t\t\t<div class=\"elementor-column elementor-col-33 elementor-top-column elementor-element elementor-element-f18d41b\" data-id=\"f18d41b\" data-element_type=\"column\">\n\t\t\t<div class=\"elementor-widget-wrap elementor-element-populated\">\n\t\t\t\t\t\t\t\t<div class=\"elementor-element elementor-element-1e4acf3 elementor-align-left elementor-tablet-align-center elementor-icon-list--layout-traditional elementor-list-item-link-full_width elementor-widget elementor-widget-icon-list\" data-id=\"1e4acf3\" data-element_type=\"widget\" data-widget_type=\"icon-list.default\">\n\t\t\t\t<div class=\"elementor-widget-container\">\n\t\t\t\t\t<ul class=\"elementor-icon-list-items\">\n\t\t\t\t\t\t\t<li class=\"elementor-icon-list-item\">\n\t\t\t\t\t\t\t\t\t\t\t<span class=\"elementor-icon-list-icon\">\n\t\t\t\t\t\t\t<i aria-hidden=\"true\" class=\"fas fa-location-arrow\"><\/i>\t\t\t\t\t\t<\/span>\n\t\t\t\t\t\t\t\t\t\t<span class=\"elementor-icon-list-text\">Vy\u0161n\u00fd mlyn 12, Ke\u017emarok<\/span>\n\t\t\t\t\t\t\t\t\t<\/li>\n\t\t\t\t\t\t<\/ul>\n\t\t\t\t<\/div>\n\t\t\t\t<\/div>\n\t\t\t\t\t<\/div>\n\t\t<\/div>\n\t\t\t\t\t\t\t<\/div>\n\t\t<\/section>\n\t\t\t\t\t\t<\/div>\n\t\t\t\t\t<\/div>\n\t\t","protected":false},"excerpt":{"rendered":"<p>V\u00fdhody \u0161etrn\u00e9ho odlakovania: vhodn\u00e9 aj pre mal\u00e9 kovov\u00e9 \u010dasti a s\u00fa\u010diastky bez potreby pieskovania, alebo br\u00fasenia ide\u00e1lne pre op\u00e4tovn\u00e9 pr\u00e1\u0161kov\u00e9 \u010di mokr\u00e9 lakovanie, alebo renov\u00e1ciu ekologickej\u0161\u00ed proces v\u010faka \u0161peci\u00e1lnemu chemick\u00e9mu zlo\u017eeniu \u0160etrn\u00e9 odlakovanie mal\u00fdch dielcov\/\u010dast\u00ed H\u013ead\u00e1te efekt\u00edvne a pritom \u0161etrn\u00e9 rie\u0161enie na odstr\u00e1nenie farby z men\u0161\u00edch kovov\u00fdch s\u00fa\u010diastok, alebo dielcov? Chemick\u00e9 odlakovanie je ide\u00e1lnou vo\u013ebou [&hellip;]<\/p>\n","protected":false},"author":1,"featured_media":0,"parent":0,"menu_order":0,"comment_status":"closed","ping_status":"closed","template":"","meta":{"_monsterinsights_skip_tracking":false,"_monsterinsights_sitenote_active":false,"_monsterinsights_sitenote_note":"","_monsterinsights_sitenote_category":0},"yoast_head":"<!-- This site is optimized with the Yoast SEO plugin v17.4 - https:\/\/yoast.com\/wordpress\/plugins\/seo\/ -->\n<title>Home - Repasovanie diskov Ke\u017emarok<\/title>\n<meta name=\"description\" content=\"Chemick\u00e9 odlakovanie, Wheel Strip2, odlakova\u010d, ako odlakova\u0165 disk, ako odstr\u00e1ni\u0165 farbu z diskov, kyselina na odstr\u00e1nenie farby z diskov\" \/>\n<meta name=\"robots\" content=\"index, follow, max-snippet:-1, max-image-preview:large, max-video-preview:-1\" \/>\n<link rel=\"canonical\" href=\"https:\/\/www.repasovaniediskov.sk\/\" \/>\n<meta property=\"og:locale\" content=\"sk_SK\" \/>\n<meta property=\"og:type\" content=\"article\" \/>\n<meta property=\"og:title\" content=\"Home - Repasovanie diskov Ke\u017emarok\" \/>\n<meta property=\"og:description\" content=\"Chemick\u00e9 odlakovanie, Wheel Strip2, odlakova\u010d, ako odlakova\u0165 disk, ako odstr\u00e1ni\u0165 farbu z diskov, kyselina na odstr\u00e1nenie farby z diskov\" \/>\n<meta property=\"og:url\" content=\"https:\/\/www.repasovaniediskov.sk\/\" \/>\n<meta property=\"og:site_name\" content=\"Repasovanie diskov Ke\u017emarok\" \/>\n<meta property=\"article:modified_time\" content=\"2025-05-15T12:26:04+00:00\" \/>\n<meta property=\"og:image\" content=\"https:\/\/www.repasovaniediskov.sk\/wp-content\/uploads\/2021\/10\/alu01.png\" \/>\n<meta name=\"twitter:card\" content=\"summary_large_image\" \/>\n<meta name=\"twitter:label1\" content=\"Predpokladan\u00fd \u010das \u010d\u00edtania\" \/>\n\t<meta name=\"twitter:data1\" content=\"1 min\u00fata\" \/>\n<script type=\"application\/ld+json\" class=\"yoast-schema-graph\">{\"@context\":\"https:\/\/schema.org\",\"@graph\":[{\"@type\":\"WebSite\",\"@id\":\"https:\/\/www.repasovaniediskov.sk\/#website\",\"url\":\"https:\/\/www.repasovaniediskov.sk\/\",\"name\":\"Repasovanie diskov Ke\\u017emarok\",\"description\":\"\",\"potentialAction\":[{\"@type\":\"SearchAction\",\"target\":{\"@type\":\"EntryPoint\",\"urlTemplate\":\"https:\/\/www.repasovaniediskov.sk\/?s={search_term_string}\"},\"query-input\":\"required name=search_term_string\"}],\"inLanguage\":\"sk-SK\"},{\"@type\":\"ImageObject\",\"@id\":\"https:\/\/www.repasovaniediskov.sk\/#primaryimage\",\"inLanguage\":\"sk-SK\",\"url\":\"https:\/\/www.repasovaniediskov.sk\/wp-content\/uploads\/2021\/10\/alu01.png\",\"contentUrl\":\"https:\/\/www.repasovaniediskov.sk\/wp-content\/uploads\/2021\/10\/alu01.png\",\"width\":609,\"height\":409},{\"@type\":\"WebPage\",\"@id\":\"https:\/\/www.repasovaniediskov.sk\/#webpage\",\"url\":\"https:\/\/www.repasovaniediskov.sk\/\",\"name\":\"Home - Repasovanie diskov Ke\\u017emarok\",\"isPartOf\":{\"@id\":\"https:\/\/www.repasovaniediskov.sk\/#website\"},\"primaryImageOfPage\":{\"@id\":\"https:\/\/www.repasovaniediskov.sk\/#primaryimage\"},\"datePublished\":\"2021-10-28T08:34:42+00:00\",\"dateModified\":\"2025-05-15T12:26:04+00:00\",\"description\":\"Chemick\\u00e9 odlakovanie, Wheel Strip2, odlakova\\u010d, ako odlakova\\u0165 disk, ako odstr\\u00e1ni\\u0165 farbu z diskov, kyselina na odstr\\u00e1nenie farby z diskov\",\"breadcrumb\":{\"@id\":\"https:\/\/www.repasovaniediskov.sk\/#breadcrumb\"},\"inLanguage\":\"sk-SK\",\"potentialAction\":[{\"@type\":\"ReadAction\",\"target\":[\"https:\/\/www.repasovaniediskov.sk\/\"]}]},{\"@type\":\"BreadcrumbList\",\"@id\":\"https:\/\/www.repasovaniediskov.sk\/#breadcrumb\",\"itemListElement\":[{\"@type\":\"ListItem\",\"position\":1,\"name\":\"Home\",\"item\":\"https:\/\/www.repasovaniediskov.sk\/\"},{\"@type\":\"ListItem\",\"position\":2,\"name\":\"Home\"}]}]}<\/script>\n<!-- \/ Yoast SEO plugin. -->","yoast_head_json":{"title":"Home - Repasovanie diskov Ke\u017emarok","description":"Chemick\u00e9 odlakovanie, Wheel Strip2, odlakova\u010d, ako odlakova\u0165 disk, ako odstr\u00e1ni\u0165 farbu z diskov, kyselina na odstr\u00e1nenie farby z diskov","robots":{"index":"index","follow":"follow","max-snippet":"max-snippet:-1","max-image-preview":"max-image-preview:large","max-video-preview":"max-video-preview:-1"},"canonical":"https:\/\/www.repasovaniediskov.sk\/","og_locale":"sk_SK","og_type":"article","og_title":"Home - Repasovanie diskov Ke\u017emarok","og_description":"Chemick\u00e9 odlakovanie, Wheel Strip2, odlakova\u010d, ako odlakova\u0165 disk, ako odstr\u00e1ni\u0165 farbu z diskov, kyselina na odstr\u00e1nenie farby z diskov","og_url":"https:\/\/www.repasovaniediskov.sk\/","og_site_name":"Repasovanie diskov Ke\u017emarok","article_modified_time":"2025-05-15T12:26:04+00:00","og_image":[{"url":"https:\/\/www.repasovaniediskov.sk\/wp-content\/uploads\/2021\/10\/alu01.png"}],"twitter_card":"summary_large_image","twitter_misc":{"Predpokladan\u00fd \u010das \u010d\u00edtania":"1 min\u00fata"},"schema":{"@context":"https:\/\/schema.org","@graph":[{"@type":"WebSite","@id":"https:\/\/www.repasovaniediskov.sk\/#website","url":"https:\/\/www.repasovaniediskov.sk\/","name":"Repasovanie diskov Ke\u017emarok","description":"","potentialAction":[{"@type":"SearchAction","target":{"@type":"EntryPoint","urlTemplate":"https:\/\/www.repasovaniediskov.sk\/?s={search_term_string}"},"query-input":"required name=search_term_string"}],"inLanguage":"sk-SK"},{"@type":"ImageObject","@id":"https:\/\/www.repasovaniediskov.sk\/#primaryimage","inLanguage":"sk-SK","url":"https:\/\/www.repasovaniediskov.sk\/wp-content\/uploads\/2021\/10\/alu01.png","contentUrl":"https:\/\/www.repasovaniediskov.sk\/wp-content\/uploads\/2021\/10\/alu01.png","width":609,"height":409},{"@type":"WebPage","@id":"https:\/\/www.repasovaniediskov.sk\/#webpage","url":"https:\/\/www.repasovaniediskov.sk\/","name":"Home - Repasovanie diskov Ke\u017emarok","isPartOf":{"@id":"https:\/\/www.repasovaniediskov.sk\/#website"},"primaryImageOfPage":{"@id":"https:\/\/www.repasovaniediskov.sk\/#primaryimage"},"datePublished":"2021-10-28T08:34:42+00:00","dateModified":"2025-05-15T12:26:04+00:00","description":"Chemick\u00e9 odlakovanie, Wheel Strip2, odlakova\u010d, ako odlakova\u0165 disk, ako odstr\u00e1ni\u0165 farbu z diskov, kyselina na odstr\u00e1nenie farby z diskov","breadcrumb":{"@id":"https:\/\/www.repasovaniediskov.sk\/#breadcrumb"},"inLanguage":"sk-SK","potentialAction":[{"@type":"ReadAction","target":["https:\/\/www.repasovaniediskov.sk\/"]}]},{"@type":"BreadcrumbList","@id":"https:\/\/www.repasovaniediskov.sk\/#breadcrumb","itemListElement":[{"@type":"ListItem","position":1,"name":"Home","item":"https:\/\/www.repasovaniediskov.sk\/"},{"@type":"ListItem","position":2,"name":"Home"}]}]}},"_links":{"self":[{"href":"https:\/\/www.repasovaniediskov.sk\/index.php?rest_route=\/wp\/v2\/pages\/13"}],"collection":[{"href":"https:\/\/www.repasovaniediskov.sk\/index.php?rest_route=\/wp\/v2\/pages"}],"about":[{"href":"https:\/\/www.repasovaniediskov.sk\/index.php?rest_route=\/wp\/v2\/types\/page"}],"author":[{"embeddable":true,"href":"https:\/\/www.repasovaniediskov.sk\/index.php?rest_route=\/wp\/v2\/users\/1"}],"replies":[{"embeddable":true,"href":"https:\/\/www.repasovaniediskov.sk\/index.php?rest_route=%2Fwp%2Fv2%2Fcomments&post=13"}],"version-history":[{"count":6,"href":"https:\/\/www.repasovaniediskov.sk\/index.php?rest_route=\/wp\/v2\/pages\/13\/revisions"}],"predecessor-version":[{"id":132,"href":"https:\/\/www.repasovaniediskov.sk\/index.php?rest_route=\/wp\/v2\/pages\/13\/revisions\/132"}],"wp:attachment":[{"href":"https:\/\/www.repasovaniediskov.sk\/index.php?rest_route=%2Fwp%2Fv2%2Fmedia&parent=13"}],"curies":[{"name":"wp","href":"https:\/\/api.w.org\/{rel}","templated":true}]}}